{"id":2311,"date":"2015-03-30T14:17:19","date_gmt":"2015-03-30T12:17:19","guid":{"rendered":"http:\/\/themes.muffingroup.com\/be\/school\/?page_id=2308"},"modified":"2026-03-01T08:19:28","modified_gmt":"2026-03-01T07:19:28","slug":"kontakt-anfahrt","status":"publish","type":"page","link":"https:\/\/www.nordseecampus-whv.de\/index.php\/kontakt-anfahrt\/","title":{"rendered":"Kontakt + Anfahrt"},"content":{"rendered":"","protected":false},"excerpt":{"rendered":"","protected":false},"author":1,"featured_media":0,"parent":0,"menu_order":0,"comment_status":"closed","ping_status":"closed","template":"","meta":{"_EventAllDay":false,"_EventTimezone":"","_EventStartDate":"","_EventEndDate":"","_EventStartDateUTC":"","_EventEndDateUTC":"","_EventShowMap":false,"_EventShowMapLink":false,"_EventURL":"","_EventCost":"","_EventCostDescription":"","_EventCurrencySymbol":"","_EventCurrencyCode":"","_EventCurrencyPosition":"","_EventDateTimeSeparator":"","_EventTimeRangeSeparator":"","_EventOrganizerID":[],"_EventVenueID":[],"_OrganizerEmail":"","_OrganizerPhone":"","_OrganizerWebsite":"","_VenueAddress":"","_VenueCity":"","_VenueCountry":"","_VenueProvince":"","_VenueState":"","_VenueZip":"","_VenuePhone":"","_VenueURL":"","_VenueStateProvince":"","_VenueLat":"","_VenueLng":"","_VenueShowMap":false,"_VenueShowMapLink":false,"footnotes":""},"class_list":["post-2311","page","type-page","status-publish","hentry"],"yoast_head":"<!-- This site is optimized with the Yoast SEO plugin v27.5 - https:\/\/yoast.com\/product\/yoast-seo-wordpress\/ -->\n<title>Kontakt + Anfahrt - Nordsee-Campus Wilhelmshaven<\/title>\n<meta name=\"description\" content=\"Wo ist Adresse Anfahrt Stra\u00dfe B\u00fcrozeit \u00d6ffnung \u00d6ffnungszeiten Telefonnummer E-Mail\" \/>\n<meta name=\"robots\" content=\"index, follow, max-snippet:-1, max-image-preview:large, max-video-preview:-1\" \/>\n<link rel=\"canonical\" href=\"https:\/\/www.nordseecampus-whv.de\/index.php\/kontakt-anfahrt\/\" \/>\n<meta property=\"og:locale\" content=\"de_DE\" \/>\n<meta property=\"og:type\" content=\"article\" \/>\n<meta property=\"og:title\" content=\"Kontakt + Anfahrt - Nordsee-Campus Wilhelmshaven\" \/>\n<meta property=\"og:description\" content=\"Wo ist Adresse Anfahrt Stra\u00dfe B\u00fcrozeit \u00d6ffnung \u00d6ffnungszeiten Telefonnummer E-Mail\" \/>\n<meta property=\"og:url\" content=\"https:\/\/www.nordseecampus-whv.de\/index.php\/kontakt-anfahrt\/\" \/>\n<meta property=\"og:site_name\" content=\"Nordsee-Campus Wilhelmshaven\" \/>\n<meta property=\"article:publisher\" content=\"https:\/\/www.facebook.com\/nordseecampus.whv\" \/>\n<meta property=\"article:modified_time\" content=\"2026-03-01T07:19:28+00:00\" \/>\n<meta name=\"twitter:card\" content=\"summary_large_image\" \/>\n<script type=\"application\/ld+json\" class=\"yoast-schema-graph\">{\"@context\":\"https:\\\/\\\/schema.org\",\"@graph\":[{\"@type\":\"WebPage\",\"@id\":\"https:\\\/\\\/www.nordseecampus-whv.de\\\/index.php\\\/kontakt-anfahrt\\\/\",\"url\":\"https:\\\/\\\/www.nordseecampus-whv.de\\\/index.php\\\/kontakt-anfahrt\\\/\",\"name\":\"Kontakt + Anfahrt - Nordsee-Campus Wilhelmshaven\",\"isPartOf\":{\"@id\":\"https:\\\/\\\/www.nordseecampus-whv.de\\\/#website\"},\"datePublished\":\"2015-03-30T12:17:19+00:00\",\"dateModified\":\"2026-03-01T07:19:28+00:00\",\"description\":\"Wo ist Adresse Anfahrt Stra\u00dfe B\u00fcrozeit \u00d6ffnung \u00d6ffnungszeiten Telefonnummer E-Mail\",\"breadcrumb\":{\"@id\":\"https:\\\/\\\/www.nordseecampus-whv.de\\\/index.php\\\/kontakt-anfahrt\\\/#breadcrumb\"},\"inLanguage\":\"de\",\"potentialAction\":[{\"@type\":\"ReadAction\",\"target\":[\"https:\\\/\\\/www.nordseecampus-whv.de\\\/index.php\\\/kontakt-anfahrt\\\/\"]}]},{\"@type\":\"BreadcrumbList\",\"@id\":\"https:\\\/\\\/www.nordseecampus-whv.de\\\/index.php\\\/kontakt-anfahrt\\\/#breadcrumb\",\"itemListElement\":[{\"@type\":\"ListItem\",\"position\":1,\"name\":\"Startseite\",\"item\":\"https:\\\/\\\/www.nordseecampus-whv.de\\\/\"},{\"@type\":\"ListItem\",\"position\":2,\"name\":\"Kontakt + Anfahrt\"}]},{\"@type\":\"WebSite\",\"@id\":\"https:\\\/\\\/www.nordseecampus-whv.de\\\/#website\",\"url\":\"https:\\\/\\\/www.nordseecampus-whv.de\\\/\",\"name\":\"Nordsee-Campus Wilhelmshaven\",\"description\":\"Die &quot;etwas andere&quot; Oberschule\",\"publisher\":{\"@id\":\"https:\\\/\\\/www.nordseecampus-whv.de\\\/#organization\"},\"potentialAction\":[{\"@type\":\"SearchAction\",\"target\":{\"@type\":\"EntryPoint\",\"urlTemplate\":\"https:\\\/\\\/www.nordseecampus-whv.de\\\/?s={search_term_string}\"},\"query-input\":{\"@type\":\"PropertyValueSpecification\",\"valueRequired\":true,\"valueName\":\"search_term_string\"}}],\"inLanguage\":\"de\"},{\"@type\":\"Organization\",\"@id\":\"https:\\\/\\\/www.nordseecampus-whv.de\\\/#organization\",\"name\":\"Nordsee-Campus Wilhelmshaven\",\"alternateName\":\"NCW\",\"url\":\"https:\\\/\\\/www.nordseecampus-whv.de\\\/\",\"logo\":{\"@type\":\"ImageObject\",\"inLanguage\":\"de\",\"@id\":\"https:\\\/\\\/www.nordseecampus-whv.de\\\/#\\\/schema\\\/logo\\\/image\\\/\",\"url\":\"https:\\\/\\\/www.nordseecampus-whv.de\\\/wp-content\\\/uploads\\\/2021\\\/02\\\/Logo_Neue_Oberschule.jpg\",\"contentUrl\":\"https:\\\/\\\/www.nordseecampus-whv.de\\\/wp-content\\\/uploads\\\/2021\\\/02\\\/Logo_Neue_Oberschule.jpg\",\"width\":1507,\"height\":574,\"caption\":\"Nordsee-Campus Wilhelmshaven\"},\"image\":{\"@id\":\"https:\\\/\\\/www.nordseecampus-whv.de\\\/#\\\/schema\\\/logo\\\/image\\\/\"},\"sameAs\":[\"https:\\\/\\\/www.facebook.com\\\/nordseecampus.whv\",\"https:\\\/\\\/www.instagram.com\\\/nordsee_campus_wilhelmshaven\\\/\",\"https:\\\/\\\/www.youtube.com\\\/channel\\\/UClx5YVsfHx2M_48fss7iBnw\"]}]}<\/script>\n<!-- \/ Yoast SEO plugin. -->","yoast_head_json":{"title":"Kontakt + Anfahrt - Nordsee-Campus Wilhelmshaven","description":"Wo ist Adresse Anfahrt Stra\u00dfe B\u00fcrozeit \u00d6ffnung \u00d6ffnungszeiten Telefonnummer E-Mail","robots":{"index":"index","follow":"follow","max-snippet":"max-snippet:-1","max-image-preview":"max-image-preview:large","max-video-preview":"max-video-preview:-1"},"canonical":"https:\/\/www.nordseecampus-whv.de\/index.php\/kontakt-anfahrt\/","og_locale":"de_DE","og_type":"article","og_title":"Kontakt + Anfahrt - Nordsee-Campus Wilhelmshaven","og_description":"Wo ist Adresse Anfahrt Stra\u00dfe B\u00fcrozeit \u00d6ffnung \u00d6ffnungszeiten Telefonnummer E-Mail","og_url":"https:\/\/www.nordseecampus-whv.de\/index.php\/kontakt-anfahrt\/","og_site_name":"Nordsee-Campus Wilhelmshaven","article_publisher":"https:\/\/www.facebook.com\/nordseecampus.whv","article_modified_time":"2026-03-01T07:19:28+00:00","twitter_card":"summary_large_image","schema":{"@context":"https:\/\/schema.org","@graph":[{"@type":"WebPage","@id":"https:\/\/www.nordseecampus-whv.de\/index.php\/kontakt-anfahrt\/","url":"https:\/\/www.nordseecampus-whv.de\/index.php\/kontakt-anfahrt\/","name":"Kontakt + Anfahrt - Nordsee-Campus Wilhelmshaven","isPartOf":{"@id":"https:\/\/www.nordseecampus-whv.de\/#website"},"datePublished":"2015-03-30T12:17:19+00:00","dateModified":"2026-03-01T07:19:28+00:00","description":"Wo ist Adresse Anfahrt Stra\u00dfe B\u00fcrozeit \u00d6ffnung \u00d6ffnungszeiten Telefonnummer E-Mail","breadcrumb":{"@id":"https:\/\/www.nordseecampus-whv.de\/index.php\/kontakt-anfahrt\/#breadcrumb"},"inLanguage":"de","potentialAction":[{"@type":"ReadAction","target":["https:\/\/www.nordseecampus-whv.de\/index.php\/kontakt-anfahrt\/"]}]},{"@type":"BreadcrumbList","@id":"https:\/\/www.nordseecampus-whv.de\/index.php\/kontakt-anfahrt\/#breadcrumb","itemListElement":[{"@type":"ListItem","position":1,"name":"Startseite","item":"https:\/\/www.nordseecampus-whv.de\/"},{"@type":"ListItem","position":2,"name":"Kontakt + Anfahrt"}]},{"@type":"WebSite","@id":"https:\/\/www.nordseecampus-whv.de\/#website","url":"https:\/\/www.nordseecampus-whv.de\/","name":"Nordsee-Campus Wilhelmshaven","description":"Die &quot;etwas andere&quot; Oberschule","publisher":{"@id":"https:\/\/www.nordseecampus-whv.de\/#organization"},"potentialAction":[{"@type":"SearchAction","target":{"@type":"EntryPoint","urlTemplate":"https:\/\/www.nordseecampus-whv.de\/?s={search_term_string}"},"query-input":{"@type":"PropertyValueSpecification","valueRequired":true,"valueName":"search_term_string"}}],"inLanguage":"de"},{"@type":"Organization","@id":"https:\/\/www.nordseecampus-whv.de\/#organization","name":"Nordsee-Campus Wilhelmshaven","alternateName":"NCW","url":"https:\/\/www.nordseecampus-whv.de\/","logo":{"@type":"ImageObject","inLanguage":"de","@id":"https:\/\/www.nordseecampus-whv.de\/#\/schema\/logo\/image\/","url":"https:\/\/www.nordseecampus-whv.de\/wp-content\/uploads\/2021\/02\/Logo_Neue_Oberschule.jpg","contentUrl":"https:\/\/www.nordseecampus-whv.de\/wp-content\/uploads\/2021\/02\/Logo_Neue_Oberschule.jpg","width":1507,"height":574,"caption":"Nordsee-Campus Wilhelmshaven"},"image":{"@id":"https:\/\/www.nordseecampus-whv.de\/#\/schema\/logo\/image\/"},"sameAs":["https:\/\/www.facebook.com\/nordseecampus.whv","https:\/\/www.instagram.com\/nordsee_campus_wilhelmshaven\/","https:\/\/www.youtube.com\/channel\/UClx5YVsfHx2M_48fss7iBnw"]}]}},"_links":{"self":[{"href":"https:\/\/www.nordseecampus-whv.de\/index.php\/wp-json\/wp\/v2\/pages\/2311","targetHints":{"allow":["GET"]}}],"collection":[{"href":"https:\/\/www.nordseecampus-whv.de\/index.php\/wp-json\/wp\/v2\/pages"}],"about":[{"href":"https:\/\/www.nordseecampus-whv.de\/index.php\/wp-json\/wp\/v2\/types\/page"}],"author":[{"embeddable":true,"href":"https:\/\/www.nordseecampus-whv.de\/index.php\/wp-json\/wp\/v2\/users\/1"}],"replies":[{"embeddable":true,"href":"https:\/\/www.nordseecampus-whv.de\/index.php\/wp-json\/wp\/v2\/comments?post=2311"}],"version-history":[{"count":4,"href":"https:\/\/www.nordseecampus-whv.de\/index.php\/wp-json\/wp\/v2\/pages\/2311\/revisions"}],"predecessor-version":[{"id":3055,"href":"https:\/\/www.nordseecampus-whv.de\/index.php\/wp-json\/wp\/v2\/pages\/2311\/revisions\/3055"}],"wp:attachment":[{"href":"https:\/\/www.nordseecampus-whv.de\/index.php\/wp-json\/wp\/v2\/media?parent=2311"}],"curies":[{"name":"wp","href":"https:\/\/api.w.org\/{rel}","templated":true}]}}